{"id":8557,"date":"2024-07-26T10:54:01","date_gmt":"2024-07-26T08:54:01","guid":{"rendered":"https:\/\/onlinezebra.com\/servicos\/"},"modified":"2025-04-29T12:05:00","modified_gmt":"2025-04-29T10:05:00","slug":"servicos","status":"publish","type":"page","link":"https:\/\/onlinezebra.com\/pt-pt\/servicos\/","title":{"rendered":"Servi\u00e7os"},"content":{"rendered":"<p>[et_pb_section fb_built=&#8221;1&#8243; admin_label=&#8221;Section&#8221; _builder_version=&#8221;4.27.0&#8243; _module_preset=&#8221;default&#8221; da_disable_devices=&#8221;off|off|off&#8221; global_colors_info=&#8221;{}&#8221; theme_builder_area=&#8221;post_content&#8221; da_is_popup=&#8221;off&#8221; da_exit_intent=&#8221;off&#8221; da_has_close=&#8221;on&#8221; da_alt_close=&#8221;off&#8221; da_dark_close=&#8221;off&#8221; da_not_modal=&#8221;on&#8221; da_is_singular=&#8221;off&#8221; da_with_loader=&#8221;off&#8221; da_has_shadow=&#8221;on&#8221;][et_pb_row _builder_version=&#8221;4.27.0&#8243; _module_preset=&#8221;default&#8221; global_colors_info=&#8221;{}&#8221; theme_builder_area=&#8221;post_content&#8221;][et_pb_column type=&#8221;4_4&#8243; _builder_version=&#8221;4.27.0&#8243; _module_preset=&#8221;default&#8221; global_colors_info=&#8221;{}&#8221; theme_builder_area=&#8221;post_content&#8221;][et_pb_text _builder_version=&#8221;4.27.0&#8243; _module_preset=&#8221;default&#8221; text_font_size=&#8221;21px&#8221; text_letter_spacing=&#8221;1px&#8221; header_font_size=&#8221;82px&#8221; header_letter_spacing=&#8221;-3px&#8221; text_orientation=&#8221;center&#8221; module_alignment=&#8221;center&#8221; custom_padding=&#8221;||15px||false|false&#8221; header_font_size_tablet=&#8221;82px&#8221; header_font_size_phone=&#8221;42px&#8221; header_font_size_last_edited=&#8221;on|phone&#8221; custom_css_free_form=&#8221;selector p{||  display:inline-block;||  padding-bottom:20px !important;||  border-bottom:1px solid #000;||}||selector h1{||  padding-top:40px;|| ||}||selector h1 strong{||  color: #FFC311;||}&#8221; global_colors_info=&#8221;{}&#8221; theme_builder_area=&#8221;post_content&#8221;]<\/p>\n<p><span>O QUE FAZEMOS<\/span><\/p>\n<h1>Utilizamos as ferramentas digitais necess\u00e1rias para conectar com os seus clientes<\/h1>\n<p>[\/et_pb_text][et_pb_image src=&#8221;https:\/\/onlinezebra.com\/wp-content\/uploads\/2024\/07\/elipse_servicios.png&#8221; title_text=&#8221;elipse_servicios&#8221; align=&#8221;center&#8221; _builder_version=&#8221;4.27.0&#8243; _module_preset=&#8221;default&#8221; global_colors_info=&#8221;{}&#8221; theme_builder_area=&#8221;post_content&#8221;][\/et_pb_image][et_pb_icon font_icon=&#8221;&#x22;||divi||400&#8243; icon_color=&#8221;#000000&#8243; icon_width=&#8221;36px&#8221; url=&#8221;#sectionServicios&#8221; _builder_version=&#8221;4.27.0&#8243; _module_preset=&#8221;default&#8221; custom_padding=&#8221;30px||||false|false&#8221; global_colors_info=&#8221;{}&#8221; theme_builder_area=&#8221;post_content&#8221;][\/et_pb_icon][\/et_pb_column][\/et_pb_row][\/et_pb_section][et_pb_section fb_built=&#8221;1&#8243; admin_label=&#8221;Section&#8221; module_id=&#8221;sec\u00e7\u00e3oServi\u00e7os&#8221; _builder_version=&#8221;4.27.0&#8243; _module_preset=&#8221;default&#8221; background_color=&#8221;#f2f2f2&#8243; da_popup_slug=&#8221;sectionServicios&#8221; da_disable_devices=&#8221;off|off|off&#8221; global_colors_info=&#8221;{}&#8221; theme_builder_area=&#8221;post_content&#8221; da_is_popup=&#8221;off&#8221; da_exit_intent=&#8221;off&#8221; da_has_close=&#8221;on&#8221; da_alt_close=&#8221;off&#8221; da_dark_close=&#8221;off&#8221; da_not_modal=&#8221;on&#8221; da_is_singular=&#8221;off&#8221; da_with_loader=&#8221;off&#8221; da_has_shadow=&#8221;on&#8221;][et_pb_row column_structure=&#8221;2_3,1_3&#8243; _builder_version=&#8221;4.27.0&#8243; _module_preset=&#8221;default&#8221; locked=&#8221;off&#8221; global_colors_info=&#8221;{}&#8221; theme_builder_area=&#8221;post_content&#8221;][et_pb_column type=&#8221;2_3&#8243; _builder_version=&#8221;4.27.0&#8243; _module_preset=&#8221;default&#8221; global_colors_info=&#8221;{}&#8221; theme_builder_area=&#8221;post_content&#8221;][et_pb_text _builder_version=&#8221;4.27.0&#8243; _module_preset=&#8221;default&#8221; text_font_size=&#8221;32px&#8221; global_colors_info=&#8221;{}&#8221; theme_builder_area=&#8221;post_content&#8221;]<\/p>\n<p><span>_Os nossos <strong>servi\u00e7os<\/strong><\/span><\/p>\n<p>[\/et_pb_text][\/et_pb_column][et_pb_column type=&#8221;1_3&#8243; _builder_version=&#8221;4.27.0&#8243; _module_preset=&#8221;default&#8221; global_colors_info=&#8221;{}&#8221; theme_builder_area=&#8221;post_content&#8221;][et_pb_text _builder_version=&#8221;4.27.0&#8243; _module_preset=&#8221;default&#8221; text_font_size=&#8221;16px&#8221; text_orientation=&#8221;right&#8221; global_colors_info=&#8221;{}&#8221; theme_builder_area=&#8221;post_content&#8221;]<\/p>\n<p><span>Portef\u00f3lio de servi\u00e7os digitais para a sua empresa<\/span><\/p>\n<p>[\/et_pb_text][\/et_pb_column][\/et_pb_row][et_pb_row _builder_version=&#8221;4.27.0&#8243; _module_preset=&#8221;default&#8221; global_colors_info=&#8221;{}&#8221; theme_builder_area=&#8221;post_content&#8221;][et_pb_column type=&#8221;4_4&#8243; _builder_version=&#8221;4.27.0&#8243; _module_preset=&#8221;default&#8221; global_colors_info=&#8221;{}&#8221; theme_builder_area=&#8221;post_content&#8221;][et_pb_text _builder_version=&#8221;4.27.4&#8243; _module_preset=&#8221;default&#8221; text_font=&#8221;|800|||||||&#8221; text_text_color=&#8221;#FFC311&#8243; text_font_size=&#8221;66px&#8221; text_line_height=&#8221;1em&#8221; link_text_color=&#8221;#FFC311&#8243; hover_enabled=&#8221;0&#8243; text_font_size_tablet=&#8221;52px&#8221; text_font_size_phone=&#8221;52px&#8221; text_font_size_last_edited=&#8221;on|tablet&#8221; global_colors_info=&#8221;{}&#8221; theme_builder_area=&#8221;post_content&#8221; sticky_enabled=&#8221;0&#8243;]<\/p>\n<p><a href=\"https:\/\/onlinezebra.com\/pt-pt\/agencia-de-seo\/\" title=\"Ag\u00eancia de SEO\"><span>SEO<\/span><\/a><\/p>\n<p>[\/et_pb_text][et_pb_text _builder_version=&#8221;4.27.4&#8243; _module_preset=&#8221;default&#8221; text_font=&#8221;|800|||||||&#8221; text_text_color=&#8221;#2FBAE4&#8243; text_font_size=&#8221;66px&#8221; text_line_height=&#8221;1em&#8221; link_text_color=&#8221;#2FBAE4&#8243; hover_enabled=&#8221;0&#8243; text_font_size_tablet=&#8221;52px&#8221; text_font_size_phone=&#8221;52px&#8221; text_font_size_last_edited=&#8221;on|tablet&#8221; global_colors_info=&#8221;{}&#8221; theme_builder_area=&#8221;post_content&#8221; sticky_enabled=&#8221;0&#8243;]<\/p>\n<p><a href=\"https:\/\/onlinezebra.com\/pt-pt\/agencia-de-google-adwords\/\" title=\"Google Ads\"><span>Google Ads<\/span><\/a><\/p>\n<p>[\/et_pb_text][et_pb_toggle title=&#8221;Social Ads&#8221; open_toggle_text_color=&#8221;#5BD7BF&#8221; open_toggle_background_color=&#8221;RGBA(255,255,255,0)&#8221; closed_toggle_background_color=&#8221;RGBA(255,255,255,0)&#8221; icon_color=&#8221;#5BD7BF&#8221; toggle_icon=&#8221;&#xe050;||divi||400&#8243; use_icon_font_size=&#8221;on&#8221; icon_font_size=&#8221;36px&#8221; open_icon_color=&#8221;#5BD7BF&#8221; open_toggle_icon=&#8221;&#xe04f;||divi||400&#8243; open_use_icon_font_size=&#8221;on&#8221; open_icon_font_size=&#8221;36px&#8221; icon_font_size_tablet=&#8221;36px&#8221; icon_font_size_phone=&#8221;36px&#8221; icon_font_size_last_edited=&#8221;on|desktop&#8221; open_icon_font_size_tablet=&#8221;36px&#8221; open_icon_font_size_phone=&#8221;36px&#8221; open_icon_font_size_last_edited=&#8221;on|tablet&#8221; _builder_version=&#8221;4.27.0&#8243; _module_preset=&#8221;default&#8221; title_text_color=&#8221;#5BD7BF&#8221; title_font=&#8221;|800|||||||&#8221; title_font_size=&#8221;66px&#8221; body_font=&#8221;|700|||||||&#8221; body_text_color=&#8221;#5BD7BF&#8221; body_font_size=&#8221;36px&#8221; body_link_text_color=&#8221;#5BD7BF&#8221; custom_padding=&#8221;0px|0px|0px|0px|true|true&#8221; title_font_size_tablet=&#8221;52px&#8221; title_font_size_phone=&#8221;52px&#8221; title_font_size_last_edited=&#8221;on|tablet&#8221; custom_css_free_form=&#8221;selector a{||  padding-right:25px;||}&#8221; custom_css_toggle_title=&#8221;display:inline-block;&#8221; border_width_all=&#8221;0px&#8221; global_colors_info=&#8221;{}&#8221; theme_builder_area=&#8221;post_content&#8221;]<\/p>\n<p><a href=\"https:\/\/onlinezebra.com\/pt-pt\/agencia-de-publicidade-de-facebook-ads\/\">Facebook Ads<\/a> <a href=\"https:\/\/onlinezebra.com\/pt-pt\/agencia-de-instagram-ads\/\">Instagram Ads<\/a> <a href=\"https:\/\/onlinezebra.com\/agencia-publicidad-twitter-ads\/\">Twitter Ads<\/a> <a href=\"https:\/\/onlinezebra.com\/agencia-tiktok-ads\/\">Tik Tok Ads<\/a><\/p>\n<p>[\/et_pb_toggle][et_pb_toggle title=&#8221;Web&#8221; open_toggle_text_color=&#8221;#F62932&#8243; open_toggle_background_color=&#8221;RGBA(255,255,255,0)&#8221; closed_toggle_background_color=&#8221;RGBA(255,255,255,0)&#8221; icon_color=&#8221;#F62932&#8243; toggle_icon=&#8221;&#xe050;||divi||400&#8243; use_icon_font_size=&#8221;on&#8221; icon_font_size=&#8221;36px&#8221; open_icon_color=&#8221;#F62932&#8243; open_toggle_icon=&#8221;&#xe04f;||divi||400&#8243; open_use_icon_font_size=&#8221;on&#8221; open_icon_font_size=&#8221;36px&#8221; icon_font_size_tablet=&#8221;36px&#8221; icon_font_size_phone=&#8221;36px&#8221; icon_font_size_last_edited=&#8221;on|desktop&#8221; open_icon_font_size_tablet=&#8221;36px&#8221; open_icon_font_size_phone=&#8221;36px&#8221; open_icon_font_size_last_edited=&#8221;on|tablet&#8221; _builder_version=&#8221;4.27.0&#8243; _module_preset=&#8221;default&#8221; title_text_color=&#8221;#F62932&#8243; title_font=&#8221;|800|||||||&#8221; title_font_size=&#8221;66px&#8221; body_font=&#8221;|700|||||||&#8221; body_text_color=&#8221;#F62932&#8243; body_font_size=&#8221;36px&#8221; body_link_text_color=&#8221;#F62932&#8243; custom_padding=&#8221;0px|0px|0px|0px|true|true&#8221; title_font_size_tablet=&#8221;52px&#8221; title_font_size_phone=&#8221;52px&#8221; title_font_size_last_edited=&#8221;on|tablet&#8221; custom_css_free_form=&#8221;selector a{||  padding-right:25px;||}&#8221; custom_css_toggle_title=&#8221;display:inline-block;&#8221; border_width_all=&#8221;0px&#8221; global_colors_info=&#8221;{}&#8221; theme_builder_area=&#8221;post_content&#8221;]<\/p>\n<p><a href=\"https:\/\/onlinezebra.com\/agencia-diseno-desarrollo-web\/\">Desenho e desenvolvimento web<\/a> <a href=\"https:\/\/onlinezebra.com\/cro\/\">CRO<\/a> <a href=\"https:\/\/onlinezebra.com\/chatbot-personalizado\/\">Chatbot<\/a> <a href=\"https:\/\/onlinezebra.com\/redaccion-de-contenidos\/\">Reda\u00e7\u00e3o de conte\u00fados<\/a><\/p>\n<p>[\/et_pb_toggle][et_pb_text _builder_version=&#8221;4.27.0&#8243; _module_preset=&#8221;default&#8221; text_font=&#8221;|800|||||||&#8221; text_text_color=&#8221;#4C26B9&#8243; text_font_size=&#8221;66px&#8221; text_line_height=&#8221;1em&#8221; link_text_color=&#8221;#4C26B9&#8243; text_font_size_tablet=&#8221;52px&#8221; text_font_size_phone=&#8221;52px&#8221; text_font_size_last_edited=&#8221;on|tablet&#8221; global_colors_info=&#8221;{}&#8221; theme_builder_area=&#8221;post_content&#8221;]<\/p>\n<p><a href=\"https:\/\/onlinezebra.com\/agencia-social-media\/\" title=\"Social Media\"><span>Social Media<\/span><\/a><\/p>\n<p>[\/et_pb_text][et_pb_text _builder_version=&#8221;4.27.0&#8243; _module_preset=&#8221;default&#8221; text_font=&#8221;|800|||||||&#8221; text_text_color=&#8221;#2FBAE4&#8243; text_font_size=&#8221;66px&#8221; text_line_height=&#8221;1em&#8221; link_text_color=&#8221;#2FBAE4&#8243; text_font_size_tablet=&#8221;52px&#8221; text_font_size_phone=&#8221;52px&#8221; text_font_size_last_edited=&#8221;on|tablet&#8221; global_colors_info=&#8221;{}&#8221; theme_builder_area=&#8221;post_content&#8221;]<\/p>\n<p><a href=\"https:\/\/onlinezebra.com\/agencia-amazon\/\" title=\"Amazon\"><span>Amazon<\/span><\/a><\/p>\n<p>[\/et_pb_text][et_pb_text _builder_version=&#8221;4.27.0&#8243; _module_preset=&#8221;default&#8221; text_font=&#8221;|800|||||||&#8221; text_text_color=&#8221;#FFC311&#8243; text_font_size=&#8221;66px&#8221; text_line_height=&#8221;1em&#8221; link_text_color=&#8221;#FFC311&#8243; text_font_size_tablet=&#8221;52px&#8221; text_font_size_phone=&#8221;52px&#8221; text_font_size_last_edited=&#8221;on|tablet&#8221; global_colors_info=&#8221;{}&#8221; theme_builder_area=&#8221;post_content&#8221;]<\/p>\n<p><a href=\"https:\/\/onlinezebra.com\/agencia-marketing-digital\/\" title=\"Marketing Digital\"><span>Marketing Digital<\/span><\/a><\/p>\n<p>[\/et_pb_text][\/et_pb_column][\/et_pb_row][\/et_pb_section][et_pb_section fb_built=&#8221;1&#8243; admin_label=&#8221;Section&#8221; _builder_version=&#8221;4.27.0&#8243; _module_preset=&#8221;default&#8221; background_image=&#8221;https:\/\/onlinezebra.com\/wp-content\/uploads\/2024\/07\/Bg_Servicios.webp&#8221; custom_padding=&#8221;0px||0px||true|false&#8221; background_last_edited=&#8221;on|desktop&#8221; background_enable_image_tablet=&#8221;off&#8221; da_disable_devices=&#8221;off|off|off&#8221; global_colors_info=&#8221;{}&#8221; theme_builder_area=&#8221;post_content&#8221; da_is_popup=&#8221;off&#8221; da_exit_intent=&#8221;off&#8221; da_has_close=&#8221;on&#8221; da_alt_close=&#8221;off&#8221; da_dark_close=&#8221;off&#8221; da_not_modal=&#8221;on&#8221; da_is_singular=&#8221;off&#8221; da_with_loader=&#8221;off&#8221; da_has_shadow=&#8221;on&#8221;][et_pb_row disabled_on=&#8221;off|off|on&#8221; _builder_version=&#8221;4.27.0&#8243; _module_preset=&#8221;default&#8221; width=&#8221;100%&#8221; max_width=&#8221;none&#8221; custom_margin=&#8221;0px||0px||false|false&#8221; custom_padding=&#8221;0px||0px||false|false&#8221; global_colors_info=&#8221;{}&#8221; theme_builder_area=&#8221;post_content&#8221;][et_pb_column type=&#8221;4_4&#8243; _builder_version=&#8221;4.27.0&#8243; _module_preset=&#8221;default&#8221; global_colors_info=&#8221;{}&#8221; theme_builder_area=&#8221;post_content&#8221;][et_pb_image src=&#8221;https:\/\/onlinezebra.com\/wp-content\/uploads\/2024\/07\/Bg_Servicios.webp&#8221; title_text=&#8221;Bg_Servicios&#8221; align=&#8221;center&#8221; force_fullwidth=&#8221;on&#8221; _builder_version=&#8221;4.27.0&#8243; _module_preset=&#8221;default&#8221; global_colors_info=&#8221;{}&#8221; theme_builder_area=&#8221;post_content&#8221;][\/et_pb_image][\/et_pb_column][\/et_pb_row][et_pb_row column_structure=&#8221;1_2,1_2&#8243; _builder_version=&#8221;4.27.0&#8243; _module_preset=&#8221;default&#8221; width_tablet=&#8221;100%&#8221; width_phone=&#8221;100%&#8221; width_last_edited=&#8221;on|tablet&#8221; max_width=&#8221;1300px&#8221; custom_padding=&#8221;0px||0px||false|false&#8221; global_colors_info=&#8221;{}&#8221; theme_builder_area=&#8221;post_content&#8221;][et_pb_column type=&#8221;1_2&#8243; _builder_version=&#8221;4.27.0&#8243; _module_preset=&#8221;default&#8221; global_colors_info=&#8221;{}&#8221; theme_builder_area=&#8221;post_content&#8221;][\/et_pb_column][et_pb_column type=&#8221;1_2&#8243; _builder_version=&#8221;4.27.0&#8243; _module_preset=&#8221;default&#8221; background_color=&#8221;#5BD7BF&#8221; custom_padding=&#8221;5vh|10vw|20vh|3vw|false|false&#8221; custom_padding_tablet=&#8221;|3vw|5vh||false|false&#8221; custom_padding_phone=&#8221;|5vw|5vh|5vw|false|false&#8221; custom_padding_last_edited=&#8221;on|phone&#8221; border_radii=&#8221;off|||100%|&#8221; border_radii_tablet=&#8221;off|||0%|&#8221; border_radii_phone=&#8221;off|||0%|&#8221; border_radii_last_edited=&#8221;on|desktop&#8221; global_colors_info=&#8221;{}&#8221; theme_builder_area=&#8221;post_content&#8221;][et_pb_text _builder_version=&#8221;4.27.0&#8243; _module_preset=&#8221;default&#8221; text_font_size=&#8221;24px&#8221; text_line_height=&#8221;1.2em&#8221; header_2_font_size=&#8221;52px&#8221; custom_padding=&#8221;||50px||false|false&#8221; custom_padding_tablet=&#8221;||20px||false|false&#8221; custom_padding_phone=&#8221;||20px||false|false&#8221; custom_padding_last_edited=&#8221;on|tablet&#8221; global_colors_info=&#8221;{}&#8221; theme_builder_area=&#8221;post_content&#8221;]<\/p>\n<h2>Como fazemos<\/h2>\n<p>N\u00e3o existe um plano mestre ou uma ferramenta \u00fanica para otimizar uma a\u00e7\u00e3o de marketing digital.<span> <\/span><strong>Cada caso necessita de uma solu\u00e7\u00e3o \u00e0 sua medida.<\/strong><\/p>\n<p>[\/et_pb_text][\/et_pb_column][\/et_pb_row][\/et_pb_section]<\/p>\n","protected":false},"excerpt":{"rendered":"<p>O QUE FAZEMOS Utilizamos as ferramentas digitais necess\u00e1rias para conectar com os seus clientes_Os nossos servi\u00e7osPortef\u00f3lio de servi\u00e7os digitais para a sua empresaSEOGoogle AdsFacebook Ads Instagram Ads Twitter Ads Tik Tok AdsDesenho e desenvolvimento web CRO Chatbot Reda\u00e7\u00e3o de conte\u00fadosSocial MediaAmazonMarketing DigitalComo fazemos N\u00e3o existe um plano mestre ou uma ferramenta \u00fanica para otimizar uma [&hellip;]<\/p>\n","protected":false},"author":1,"featured_media":4546,"parent":0,"menu_order":0,"comment_status":"closed","ping_status":"closed","template":"","meta":{"_et_pb_use_builder":"on","_et_pb_old_content":"","_et_gb_content_width":"","footnotes":""},"class_list":["post-8557","page","type-page","status-publish","has-post-thumbnail","hentry"],"yoast_head":"<!-- This site is optimized with the Yoast SEO plugin v27.3 - https:\/\/yoast.com\/product\/yoast-seo-wordpress\/ -->\n<title>Servi\u00e7os - Online Zebra<\/title>\n<meta name=\"robots\" content=\"index, follow, max-snippet:-1, max-image-preview:large, max-video-preview:-1\" \/>\n<link rel=\"canonical\" href=\"https:\/\/onlinezebra.com\/pt-pt\/servicos\/\" \/>\n<meta property=\"og:locale\" content=\"pt_PT\" \/>\n<meta property=\"og:type\" content=\"article\" \/>\n<meta property=\"og:title\" content=\"Servi\u00e7os - Online Zebra\" \/>\n<meta property=\"og:description\" content=\"O QUE FAZEMOS Utilizamos as ferramentas digitais necess\u00e1rias para conectar com os seus clientes_Os nossos servi\u00e7osPortef\u00f3lio de servi\u00e7os digitais para a sua empresaSEOGoogle AdsFacebook Ads Instagram Ads Twitter Ads Tik Tok AdsDesenho e desenvolvimento web CRO Chatbot Reda\u00e7\u00e3o de conte\u00fadosSocial MediaAmazonMarketing DigitalComo fazemos N\u00e3o existe um plano mestre ou uma ferramenta \u00fanica para otimizar uma [&hellip;]\" \/>\n<meta property=\"og:url\" content=\"https:\/\/onlinezebra.com\/pt-pt\/servicos\/\" \/>\n<meta property=\"og:site_name\" content=\"Online Zebra\" \/>\n<meta property=\"article:modified_time\" content=\"2025-04-29T10:05:00+00:00\" \/>\n<meta property=\"og:image\" content=\"https:\/\/onlinezebra.com\/wp-content\/uploads\/2024\/11\/agencia-seo-en-madrid.jpg\" \/>\n\t<meta property=\"og:image:width\" content=\"1220\" \/>\n\t<meta property=\"og:image:height\" content=\"600\" \/>\n\t<meta property=\"og:image:type\" content=\"image\/jpeg\" \/>\n<meta name=\"twitter:card\" content=\"summary_large_image\" \/>\n<meta name=\"twitter:label1\" content=\"Tempo estimado de leitura\" \/>\n\t<meta name=\"twitter:data1\" content=\"8 minutos\" \/>\n<script type=\"application\/ld+json\" class=\"yoast-schema-graph\">{\"@context\":\"https:\\\/\\\/schema.org\",\"@graph\":[{\"@type\":\"WebPage\",\"@id\":\"https:\\\/\\\/onlinezebra.com\\\/pt-pt\\\/servicos\\\/\",\"url\":\"https:\\\/\\\/onlinezebra.com\\\/pt-pt\\\/servicos\\\/\",\"name\":\"Servi\u00e7os - Online Zebra\",\"isPartOf\":{\"@id\":\"https:\\\/\\\/onlinezebra.com\\\/pt-pt\\\/#website\"},\"primaryImageOfPage\":{\"@id\":\"https:\\\/\\\/onlinezebra.com\\\/pt-pt\\\/servicos\\\/#primaryimage\"},\"image\":{\"@id\":\"https:\\\/\\\/onlinezebra.com\\\/pt-pt\\\/servicos\\\/#primaryimage\"},\"thumbnailUrl\":\"https:\\\/\\\/onlinezebra.com\\\/wp-content\\\/uploads\\\/2024\\\/08\\\/Servicio-de-SEO.webp\",\"datePublished\":\"2024-07-26T08:54:01+00:00\",\"dateModified\":\"2025-04-29T10:05:00+00:00\",\"breadcrumb\":{\"@id\":\"https:\\\/\\\/onlinezebra.com\\\/pt-pt\\\/servicos\\\/#breadcrumb\"},\"inLanguage\":\"pt-PT\",\"potentialAction\":[{\"@type\":\"ReadAction\",\"target\":[\"https:\\\/\\\/onlinezebra.com\\\/pt-pt\\\/servicos\\\/\"]}]},{\"@type\":\"ImageObject\",\"inLanguage\":\"pt-PT\",\"@id\":\"https:\\\/\\\/onlinezebra.com\\\/pt-pt\\\/servicos\\\/#primaryimage\",\"url\":\"https:\\\/\\\/onlinezebra.com\\\/wp-content\\\/uploads\\\/2024\\\/08\\\/Servicio-de-SEO.webp\",\"contentUrl\":\"https:\\\/\\\/onlinezebra.com\\\/wp-content\\\/uploads\\\/2024\\\/08\\\/Servicio-de-SEO.webp\",\"width\":1080,\"height\":1080},{\"@type\":\"BreadcrumbList\",\"@id\":\"https:\\\/\\\/onlinezebra.com\\\/pt-pt\\\/servicos\\\/#breadcrumb\",\"itemListElement\":[{\"@type\":\"ListItem\",\"position\":1,\"name\":\"Inicio\",\"item\":\"https:\\\/\\\/onlinezebra.com\\\/pt-pt\\\/casa\\\/\"},{\"@type\":\"ListItem\",\"position\":2,\"name\":\"Servi\u00e7os\"}]},{\"@type\":\"WebSite\",\"@id\":\"https:\\\/\\\/onlinezebra.com\\\/pt-pt\\\/#website\",\"url\":\"https:\\\/\\\/onlinezebra.com\\\/pt-pt\\\/\",\"name\":\"Online Zebra\",\"description\":\"Agencia de Marketing Digital\",\"publisher\":{\"@id\":\"https:\\\/\\\/onlinezebra.com\\\/pt-pt\\\/#organization\"},\"potentialAction\":[{\"@type\":\"SearchAction\",\"target\":{\"@type\":\"EntryPoint\",\"urlTemplate\":\"https:\\\/\\\/onlinezebra.com\\\/pt-pt\\\/?s={search_term_string}\"},\"query-input\":{\"@type\":\"PropertyValueSpecification\",\"valueRequired\":true,\"valueName\":\"search_term_string\"}}],\"inLanguage\":\"pt-PT\"},{\"@type\":\"Organization\",\"@id\":\"https:\\\/\\\/onlinezebra.com\\\/pt-pt\\\/#organization\",\"name\":\"Online Zebra\",\"url\":\"https:\\\/\\\/onlinezebra.com\\\/pt-pt\\\/\",\"logo\":{\"@type\":\"ImageObject\",\"inLanguage\":\"pt-PT\",\"@id\":\"https:\\\/\\\/onlinezebra.com\\\/pt-pt\\\/#\\\/schema\\\/logo\\\/image\\\/\",\"url\":\"https:\\\/\\\/onlinezebra.com\\\/wp-content\\\/uploads\\\/2021\\\/11\\\/Public-Master-RRSS-1.png\",\"contentUrl\":\"https:\\\/\\\/onlinezebra.com\\\/wp-content\\\/uploads\\\/2021\\\/11\\\/Public-Master-RRSS-1.png\",\"width\":1080,\"height\":1080,\"caption\":\"Online Zebra\"},\"image\":{\"@id\":\"https:\\\/\\\/onlinezebra.com\\\/pt-pt\\\/#\\\/schema\\\/logo\\\/image\\\/\"}}]}<\/script>\n<!-- \/ Yoast SEO plugin. -->","yoast_head_json":{"title":"Servi\u00e7os - Online Zebra","robots":{"index":"index","follow":"follow","max-snippet":"max-snippet:-1","max-image-preview":"max-image-preview:large","max-video-preview":"max-video-preview:-1"},"canonical":"https:\/\/onlinezebra.com\/pt-pt\/servicos\/","og_locale":"pt_PT","og_type":"article","og_title":"Servi\u00e7os - Online Zebra","og_description":"O QUE FAZEMOS Utilizamos as ferramentas digitais necess\u00e1rias para conectar com os seus clientes_Os nossos servi\u00e7osPortef\u00f3lio de servi\u00e7os digitais para a sua empresaSEOGoogle AdsFacebook Ads Instagram Ads Twitter Ads Tik Tok AdsDesenho e desenvolvimento web CRO Chatbot Reda\u00e7\u00e3o de conte\u00fadosSocial MediaAmazonMarketing DigitalComo fazemos N\u00e3o existe um plano mestre ou uma ferramenta \u00fanica para otimizar uma [&hellip;]","og_url":"https:\/\/onlinezebra.com\/pt-pt\/servicos\/","og_site_name":"Online Zebra","article_modified_time":"2025-04-29T10:05:00+00:00","og_image":[{"width":1220,"height":600,"url":"https:\/\/onlinezebra.com\/wp-content\/uploads\/2024\/11\/agencia-seo-en-madrid.jpg","type":"image\/jpeg"}],"twitter_card":"summary_large_image","twitter_misc":{"Tempo estimado de leitura":"8 minutos"},"schema":{"@context":"https:\/\/schema.org","@graph":[{"@type":"WebPage","@id":"https:\/\/onlinezebra.com\/pt-pt\/servicos\/","url":"https:\/\/onlinezebra.com\/pt-pt\/servicos\/","name":"Servi\u00e7os - Online Zebra","isPartOf":{"@id":"https:\/\/onlinezebra.com\/pt-pt\/#website"},"primaryImageOfPage":{"@id":"https:\/\/onlinezebra.com\/pt-pt\/servicos\/#primaryimage"},"image":{"@id":"https:\/\/onlinezebra.com\/pt-pt\/servicos\/#primaryimage"},"thumbnailUrl":"https:\/\/onlinezebra.com\/wp-content\/uploads\/2024\/08\/Servicio-de-SEO.webp","datePublished":"2024-07-26T08:54:01+00:00","dateModified":"2025-04-29T10:05:00+00:00","breadcrumb":{"@id":"https:\/\/onlinezebra.com\/pt-pt\/servicos\/#breadcrumb"},"inLanguage":"pt-PT","potentialAction":[{"@type":"ReadAction","target":["https:\/\/onlinezebra.com\/pt-pt\/servicos\/"]}]},{"@type":"ImageObject","inLanguage":"pt-PT","@id":"https:\/\/onlinezebra.com\/pt-pt\/servicos\/#primaryimage","url":"https:\/\/onlinezebra.com\/wp-content\/uploads\/2024\/08\/Servicio-de-SEO.webp","contentUrl":"https:\/\/onlinezebra.com\/wp-content\/uploads\/2024\/08\/Servicio-de-SEO.webp","width":1080,"height":1080},{"@type":"BreadcrumbList","@id":"https:\/\/onlinezebra.com\/pt-pt\/servicos\/#breadcrumb","itemListElement":[{"@type":"ListItem","position":1,"name":"Inicio","item":"https:\/\/onlinezebra.com\/pt-pt\/casa\/"},{"@type":"ListItem","position":2,"name":"Servi\u00e7os"}]},{"@type":"WebSite","@id":"https:\/\/onlinezebra.com\/pt-pt\/#website","url":"https:\/\/onlinezebra.com\/pt-pt\/","name":"Online Zebra","description":"Agencia de Marketing Digital","publisher":{"@id":"https:\/\/onlinezebra.com\/pt-pt\/#organization"},"potentialAction":[{"@type":"SearchAction","target":{"@type":"EntryPoint","urlTemplate":"https:\/\/onlinezebra.com\/pt-pt\/?s={search_term_string}"},"query-input":{"@type":"PropertyValueSpecification","valueRequired":true,"valueName":"search_term_string"}}],"inLanguage":"pt-PT"},{"@type":"Organization","@id":"https:\/\/onlinezebra.com\/pt-pt\/#organization","name":"Online Zebra","url":"https:\/\/onlinezebra.com\/pt-pt\/","logo":{"@type":"ImageObject","inLanguage":"pt-PT","@id":"https:\/\/onlinezebra.com\/pt-pt\/#\/schema\/logo\/image\/","url":"https:\/\/onlinezebra.com\/wp-content\/uploads\/2021\/11\/Public-Master-RRSS-1.png","contentUrl":"https:\/\/onlinezebra.com\/wp-content\/uploads\/2021\/11\/Public-Master-RRSS-1.png","width":1080,"height":1080,"caption":"Online Zebra"},"image":{"@id":"https:\/\/onlinezebra.com\/pt-pt\/#\/schema\/logo\/image\/"}}]}},"_links":{"self":[{"href":"https:\/\/onlinezebra.com\/pt-pt\/wp-json\/wp\/v2\/pages\/8557","targetHints":{"allow":["GET"]}}],"collection":[{"href":"https:\/\/onlinezebra.com\/pt-pt\/wp-json\/wp\/v2\/pages"}],"about":[{"href":"https:\/\/onlinezebra.com\/pt-pt\/wp-json\/wp\/v2\/types\/page"}],"author":[{"embeddable":true,"href":"https:\/\/onlinezebra.com\/pt-pt\/wp-json\/wp\/v2\/users\/1"}],"replies":[{"embeddable":true,"href":"https:\/\/onlinezebra.com\/pt-pt\/wp-json\/wp\/v2\/comments?post=8557"}],"version-history":[{"count":9,"href":"https:\/\/onlinezebra.com\/pt-pt\/wp-json\/wp\/v2\/pages\/8557\/revisions"}],"predecessor-version":[{"id":8853,"href":"https:\/\/onlinezebra.com\/pt-pt\/wp-json\/wp\/v2\/pages\/8557\/revisions\/8853"}],"wp:featuredmedia":[{"embeddable":true,"href":"https:\/\/onlinezebra.com\/pt-pt\/wp-json\/wp\/v2\/media\/4546"}],"wp:attachment":[{"href":"https:\/\/onlinezebra.com\/pt-pt\/wp-json\/wp\/v2\/media?parent=8557"}],"curies":[{"name":"wp","href":"https:\/\/api.w.org\/{rel}","templated":true}]}}